{"id":2,"date":"2026-03-08T17:33:18","date_gmt":"2026-03-08T17:33:18","guid":{"rendered":"http:\/\/lesbains.aureaevent.com\/?page_id=2"},"modified":"2026-05-14T05:48:44","modified_gmt":"2026-05-14T04:48:44","slug":"sample-page","status":"publish","type":"page","link":"https:\/\/lesbains.aureaevent.com\/","title":{"rendered":"BEACH CLUB LES BAINS"},"content":{"rendered":"\n<div class=\"wp-block-media-text is-stacked-on-mobile\"><figure class=\"wp-block-media-text__media\"><img loading=\"lazy\" decoding=\"async\" width=\"1024\" height=\"768\" src=\"https:\/\/lesbains.aureaevent.com\/wp-content\/uploads\/2026\/05\/WhatsApp-Image-2026-05-07-at-10.51.11-3-1024x768.jpeg\" alt=\"\" class=\"wp-image-43 size-full\" srcset=\"https:\/\/lesbains.aureaevent.com\/wp-content\/uploads\/2026\/05\/WhatsApp-Image-2026-05-07-at-10.51.11-3-1024x768.jpeg 1024w, https:\/\/lesbains.aureaevent.com\/wp-content\/uploads\/2026\/05\/WhatsApp-Image-2026-05-07-at-10.51.11-3-300x225.jpeg 300w, https:\/\/lesbains.aureaevent.com\/wp-content\/uploads\/2026\/05\/WhatsApp-Image-2026-05-07-at-10.51.11-3-768x576.jpeg 768w, https:\/\/lesbains.aureaevent.com\/wp-content\/uploads\/2026\/05\/WhatsApp-Image-2026-05-07-at-10.51.11-3-1536x1152.jpeg 1536w, https:\/\/lesbains.aureaevent.com\/wp-content\/uploads\/2026\/05\/WhatsApp-Image-2026-05-07-at-10.51.11-3.jpeg 2048w\" sizes=\"auto, (max-width: 1024px) 100vw, 1024px\" \/><\/figure><div class=\"wp-block-media-text__content\">\n<p><strong><mark style=\"background-color:#ff0101\" class=\"has-inline-color has-base-color\">NOUS SOMMES OUVERT LE MERCREDI 13 A PARTIR DE 16H30, LE JEUDI NOUS SOMMES FERMES, LE VENDREDI, SAMEDI TOUTE LA JOURNEE ET LE DIMANCHE JUSQU&rsquo;A 16h<\/mark><\/strong><\/p>\n<\/div><\/div>\n\n\n\n<p><a href=\"https:\/\/lesbains.aureaevent.com\/index.php\/reservation\/\" type=\"page\" id=\"11\"><mark style=\"background-color:#FFEE58\" class=\"has-inline-color has-contrast-color\">POUR RESERVER CLIQUER ICI<\/mark><\/a><\/p>\n\n\n\n<p>Face \u00e0 l\u2019oc\u00e9an, le Beach Club Les Bains est le spot o\u00f9 l\u2019on vient l\u00e2cher prise. Vue imprenable, air marin et ambiance chaleureuse : ici, on se retrouve, on d\u00e9connecte et on profite de l\u2019instant pr\u00e9sent.<\/p>\n\n\n\n<p>Venez d\u00e9couvrir notre lieux autour d&rsquo;un dejeuner, d\u00eener, ap\u00e9ritif les pieds dans le sable&#8230;.: <\/p>\n\n\n\n<p><\/p>\n\n\n\n<p>Notre lieu vous plait?<\/p>\n\n\n\n<p><strong>Projetez vous<\/strong>!<\/p>\n\n\n\n<p>Votre <strong>\u00e9v\u00e8nement id\u00e9al<\/strong> peut avoir <strong>lieux ici<\/strong>!<\/p>\n\n\n\n<p>Nos espaces:<\/p>\n\n\n\n<ul class=\"wp-block-list\">\n<li>Terrasse plage<\/li>\n\n\n\n<li>Terrasse bois<\/li>\n\n\n\n<li>petite salle int\u00e9rieure<\/li>\n<\/ul>\n\n\n\n<p>Pour l&rsquo;organisation de votre \u00e9v\u00e8nement <strong>priv\u00e9<\/strong> ou <strong>professionnel<\/strong>, contactez nous : <strong>am(@)aureaevent.com<\/strong><\/p>\n\n\n\n<hr class=\"wp-block-separator has-alpha-channel-opacity\"\/>\n\n\n\n<h2 class=\"wp-block-heading\">Horaires &amp; acc\u00e8s<\/h2>\n\n\n\n<hr class=\"wp-block-separator has-alpha-channel-opacity\"\/>\n\n\n\n<p>Ouvert de P\u00e2ques \u00e0 octobre, le Beach Club Les Bains vous accueille 7 jours sur 7 en juillet et ao\u00fbt, Profitez des lieux de 9h30 \u00e0 23h. <\/p>\n\n\n\n<p>Hors saison, nous sommes en fonction de la m\u00e9t\u00e9o, mais principalement le weekend entier, ainsi que le soirs le mercredi jeudi soir \u00e0 partir de 16h30<\/p>\n\n\n\n<figure class=\"wp-block-gallery has-nested-images columns-default is-cropped wp-block-gallery-1 is-layout-flex wp-block-gallery-is-layout-flex\">\n<figure class=\"wp-block-image size-large\"><img decoding=\"async\" data-id=\"87\" src=\"https:\/\/aureaevent.com\/wp-content\/uploads\/2026\/03\/IMG_1961.jpeg\" alt=\"\" class=\"wp-image-87\"\/><\/figure>\n\n\n\n<figure class=\"wp-block-image size-large\"><img decoding=\"async\" data-id=\"77\" src=\"https:\/\/aureaevent.com\/wp-content\/uploads\/2026\/03\/julie-mathieu-0347-768x1024.jpeg\" alt=\"\" class=\"wp-image-77\"\/><\/figure>\n\n\n\n<figure class=\"wp-block-image size-large\"><img decoding=\"async\" data-id=\"81\" src=\"https:\/\/aureaevent.com\/wp-content\/uploads\/2026\/03\/IMG_2274.jpeg\" alt=\"\" class=\"wp-image-81\"\/><\/figure>\n\n\n\n<figure class=\"wp-block-image size-large\"><img decoding=\"async\" data-id=\"83\" src=\"https:\/\/aureaevent.com\/wp-content\/uploads\/2026\/03\/julie-mathieu-0472-1024x768.jpeg\" alt=\"\" class=\"wp-image-83\"\/><\/figure>\n\n\n\n<figure class=\"wp-block-image size-large\"><img decoding=\"async\" data-id=\"80\" src=\"https:\/\/aureaevent.com\/wp-content\/uploads\/2026\/03\/julie-mathieu-0131-1024x768.jpeg\" alt=\"\" class=\"wp-image-80\"\/><\/figure>\n\n\n\n<figure class=\"wp-block-image size-large\"><img decoding=\"async\" data-id=\"88\" src=\"https:\/\/aureaevent.com\/wp-content\/uploads\/2026\/03\/IMG_5330-1-1024x768.jpeg\" alt=\"\" class=\"wp-image-88\"\/><\/figure>\n\n\n\n<figure class=\"wp-block-image size-large\"><img decoding=\"async\" data-id=\"84\" src=\"https:\/\/aureaevent.com\/wp-content\/uploads\/2026\/03\/IMG_4934.jpeg\" alt=\"\" class=\"wp-image-84\"\/><\/figure>\n\n\n\n<figure class=\"wp-block-image size-large\"><img decoding=\"async\" data-id=\"79\" src=\"https:\/\/aureaevent.com\/wp-content\/uploads\/2026\/03\/IMG_1917.jpeg\" alt=\"\" class=\"wp-image-79\"\/><\/figure>\n\n\n\n<figure class=\"wp-block-image size-large\"><img decoding=\"async\" data-id=\"78\" src=\"https:\/\/aureaevent.com\/wp-content\/uploads\/2026\/03\/julie-mathieu-0404-1024x768.jpeg\" alt=\"\" class=\"wp-image-78\"\/><\/figure>\n\n\n\n<figure class=\"wp-block-image size-large\"><img decoding=\"async\" data-id=\"85\" src=\"https:\/\/aureaevent.com\/wp-content\/uploads\/2026\/03\/IMG_1971.jpeg\" alt=\"\" class=\"wp-image-85\"\/><\/figure>\n<\/figure>\n\n\n\n<p><strong>Adresse<\/strong> : Grande plage de Fouras, 17450<\/p>\n\n\n\n<ul class=\"wp-block-social-links is-layout-flex wp-block-social-links-is-layout-flex\"><li class=\"wp-social-link wp-social-link-instagram  wp-block-social-link\"><a href=\"https:\/\/www.instagram.com\/beachclublesbains\/\" class=\"wp-block-social-link-anchor\"><svg width=\"24\" height=\"24\" viewBox=\"0 0 24 24\" version=\"1.1\" xmlns=\"http:\/\/www.w3.org\/2000\/svg\" aria-hidden=\"true\" focusable=\"false\"><path d=\"M12,4.622c2.403,0,2.688,0.009,3.637,0.052c0.877,0.04,1.354,0.187,1.671,0.31c0.42,0.163,0.72,0.358,1.035,0.673 c0.315,0.315,0.51,0.615,0.673,1.035c0.123,0.317,0.27,0.794,0.31,1.671c0.043,0.949,0.052,1.234,0.052,3.637 s-0.009,2.688-0.052,3.637c-0.04,0.877-0.187,1.354-0.31,1.671c-0.163,0.42-0.358,0.72-0.673,1.035 c-0.315,0.315-0.615,0.51-1.035,0.673c-0.317,0.123-0.794,0.27-1.671,0.31c-0.949,0.043-1.233,0.052-3.637,0.052 s-2.688-0.009-3.637-0.052c-0.877-0.04-1.354-0.187-1.671-0.31c-0.42-0.163-0.72-0.358-1.035-0.673 c-0.315-0.315-0.51-0.615-0.673-1.035c-0.123-0.317-0.27-0.794-0.31-1.671C4.631,14.688,4.622,14.403,4.622,12 s0.009-2.688,0.052-3.637c0.04-0.877,0.187-1.354,0.31-1.671c0.163-0.42,0.358-0.72,0.673-1.035 c0.315-0.315,0.615-0.51,1.035-0.673c0.317-0.123,0.794-0.27,1.671-0.31C9.312,4.631,9.597,4.622,12,4.622 M12,3 C9.556,3,9.249,3.01,8.289,3.054C7.331,3.098,6.677,3.25,6.105,3.472C5.513,3.702,5.011,4.01,4.511,4.511 c-0.5,0.5-0.808,1.002-1.038,1.594C3.25,6.677,3.098,7.331,3.054,8.289C3.01,9.249,3,9.556,3,12c0,2.444,0.01,2.751,0.054,3.711 c0.044,0.958,0.196,1.612,0.418,2.185c0.23,0.592,0.538,1.094,1.038,1.594c0.5,0.5,1.002,0.808,1.594,1.038 c0.572,0.222,1.227,0.375,2.185,0.418C9.249,20.99,9.556,21,12,21s2.751-0.01,3.711-0.054c0.958-0.044,1.612-0.196,2.185-0.418 c0.592-0.23,1.094-0.538,1.594-1.038c0.5-0.5,0.808-1.002,1.038-1.594c0.222-0.572,0.375-1.227,0.418-2.185 C20.99,14.751,21,14.444,21,12s-0.01-2.751-0.054-3.711c-0.044-0.958-0.196-1.612-0.418-2.185c-0.23-0.592-0.538-1.094-1.038-1.594 c-0.5-0.5-1.002-0.808-1.594-1.038c-0.572-0.222-1.227-0.375-2.185-0.418C14.751,3.01,14.444,3,12,3L12,3z M12,7.378 c-2.552,0-4.622,2.069-4.622,4.622S9.448,16.622,12,16.622s4.622-2.069,4.622-4.622S14.552,7.378,12,7.378z M12,15 c-1.657,0-3-1.343-3-3s1.343-3,3-3s3,1.343,3,3S13.657,15,12,15z M16.804,6.116c-0.596,0-1.08,0.484-1.08,1.08 s0.484,1.08,1.08,1.08c0.596,0,1.08-0.484,1.08-1.08S17.401,6.116,16.804,6.116z\"><\/path><\/svg><span class=\"wp-block-social-link-label screen-reader-text\">Instagram<\/span><\/a><\/li>\n\n<li class=\"wp-social-link wp-social-link-facebook  wp-block-social-link\"><a href=\"\" class=\"wp-block-social-link-anchor\"><svg width=\"24\" height=\"24\" viewBox=\"0 0 24 24\" version=\"1.1\" xmlns=\"http:\/\/www.w3.org\/2000\/svg\" aria-hidden=\"true\" focusable=\"false\"><path d=\"M12 2C6.5 2 2 6.5 2 12c0 5 3.7 9.1 8.4 9.9v-7H7.9V12h2.5V9.8c0-2.5 1.5-3.9 3.8-3.9 1.1 0 2.2.2 2.2.2v2.5h-1.3c-1.2 0-1.6.8-1.6 1.6V12h2.8l-.4 2.9h-2.3v7C18.3 21.1 22 17 22 12c0-5.5-4.5-10-10-10z\"><\/path><\/svg><span class=\"wp-block-social-link-label screen-reader-text\">Facebook<\/span><\/a><\/li><\/ul>\n","protected":false},"excerpt":{"rendered":"<p>NOUS SOMMES OUVERT LE MERCREDI 13 A PARTIR DE 16H30, LE JEUDI NOUS SOMMES FERMES, LE VENDREDI, SAMEDI TOUTE LA JOURNEE ET LE DIMANCHE JUSQU&rsquo;A 16h POUR RESERVER CLIQUER ICI Face \u00e0 l\u2019oc\u00e9an, le Beach Club Les Bains est le spot o\u00f9 l\u2019on vient l\u00e2cher prise. Vue imprenable, air marin et ambiance chaleureuse : ici, [&hellip;]<\/p>\n","protected":false},"author":1,"featured_media":0,"parent":0,"menu_order":0,"comment_status":"closed","ping_status":"open","template":"","meta":{"footnotes":""},"class_list":["post-2","page","type-page","status-publish","hentry"],"yoast_head":"<!-- This site is optimized with the Yoast SEO plugin v27.5 - https:\/\/yoast.com\/product\/yoast-seo-wordpress\/ -->\n<title>BEACH CLUB LES BAINS - BEACH CLUB LES BAINS<\/title>\n<meta name=\"robots\" content=\"index, follow, max-snippet:-1, max-image-preview:large, max-video-preview:-1\" \/>\n<link rel=\"canonical\" href=\"https:\/\/lesbains.aureaevent.com\/\" \/>\n<meta property=\"og:locale\" content=\"fr_FR\" \/>\n<meta property=\"og:type\" content=\"article\" \/>\n<meta property=\"og:title\" content=\"BEACH CLUB LES BAINS - BEACH CLUB LES BAINS\" \/>\n<meta property=\"og:description\" content=\"NOUS SOMMES OUVERT LE MERCREDI 13 A PARTIR DE 16H30, LE JEUDI NOUS SOMMES FERMES, LE VENDREDI, SAMEDI TOUTE LA JOURNEE ET LE DIMANCHE JUSQU&rsquo;A 16h POUR RESERVER CLIQUER ICI Face \u00e0 l\u2019oc\u00e9an, le Beach Club Les Bains est le spot o\u00f9 l\u2019on vient l\u00e2cher prise. Vue imprenable, air marin et ambiance chaleureuse : ici, [&hellip;]\" \/>\n<meta property=\"og:url\" content=\"https:\/\/lesbains.aureaevent.com\/\" \/>\n<meta property=\"og:site_name\" content=\"BEACH CLUB LES BAINS\" \/>\n<meta property=\"article:publisher\" content=\"https:\/\/www.facebook.com\/lesbainsdusemaphore\/?locale=fr_FR\" \/>\n<meta property=\"article:modified_time\" content=\"2026-05-14T04:48:44+00:00\" \/>\n<meta property=\"og:image\" content=\"https:\/\/lesbains.aureaevent.com\/wp-content\/uploads\/2026\/05\/WhatsApp-Image-2026-05-07-at-10.51.11-3.jpeg\" \/>\n\t<meta property=\"og:image:width\" content=\"2048\" \/>\n\t<meta property=\"og:image:height\" content=\"1536\" \/>\n\t<meta property=\"og:image:type\" content=\"image\/jpeg\" \/>\n<meta name=\"twitter:card\" content=\"summary_large_image\" \/>\n<meta name=\"twitter:label1\" content=\"Dur\u00e9e de lecture estim\u00e9e\" \/>\n\t<meta name=\"twitter:data1\" content=\"4 minutes\" \/>\n<script type=\"application\/ld+json\" class=\"yoast-schema-graph\">{\"@context\":\"https:\\\/\\\/schema.org\",\"@graph\":[{\"@type\":\"WebPage\",\"@id\":\"https:\\\/\\\/lesbains.aureaevent.com\\\/\",\"url\":\"https:\\\/\\\/lesbains.aureaevent.com\\\/\",\"name\":\"BEACH CLUB LES BAINS - BEACH CLUB LES BAINS\",\"isPartOf\":{\"@id\":\"https:\\\/\\\/lesbains.aureaevent.com\\\/#website\"},\"primaryImageOfPage\":{\"@id\":\"https:\\\/\\\/lesbains.aureaevent.com\\\/#primaryimage\"},\"image\":{\"@id\":\"https:\\\/\\\/lesbains.aureaevent.com\\\/#primaryimage\"},\"thumbnailUrl\":\"https:\\\/\\\/lesbains.aureaevent.com\\\/wp-content\\\/uploads\\\/2026\\\/05\\\/WhatsApp-Image-2026-05-07-at-10.51.11-3-1024x768.jpeg\",\"datePublished\":\"2026-03-08T17:33:18+00:00\",\"dateModified\":\"2026-05-14T04:48:44+00:00\",\"breadcrumb\":{\"@id\":\"https:\\\/\\\/lesbains.aureaevent.com\\\/#breadcrumb\"},\"inLanguage\":\"fr-FR\",\"potentialAction\":[{\"@type\":\"ReadAction\",\"target\":[\"https:\\\/\\\/lesbains.aureaevent.com\\\/\"]}]},{\"@type\":\"ImageObject\",\"inLanguage\":\"fr-FR\",\"@id\":\"https:\\\/\\\/lesbains.aureaevent.com\\\/#primaryimage\",\"url\":\"https:\\\/\\\/lesbains.aureaevent.com\\\/wp-content\\\/uploads\\\/2026\\\/05\\\/WhatsApp-Image-2026-05-07-at-10.51.11-3.jpeg\",\"contentUrl\":\"https:\\\/\\\/lesbains.aureaevent.com\\\/wp-content\\\/uploads\\\/2026\\\/05\\\/WhatsApp-Image-2026-05-07-at-10.51.11-3.jpeg\",\"width\":2048,\"height\":1536},{\"@type\":\"BreadcrumbList\",\"@id\":\"https:\\\/\\\/lesbains.aureaevent.com\\\/#breadcrumb\",\"itemListElement\":[{\"@type\":\"ListItem\",\"position\":1,\"name\":\"Accueil\",\"item\":\"https:\\\/\\\/lesbains.aureaevent.com\\\/\"},{\"@type\":\"ListItem\",\"position\":2,\"name\":\"BEACH CLUB LES BAINS\"}]},{\"@type\":\"WebSite\",\"@id\":\"https:\\\/\\\/lesbains.aureaevent.com\\\/#website\",\"url\":\"https:\\\/\\\/lesbains.aureaevent.com\\\/\",\"name\":\"BEACH CLUB LES BAINS\",\"description\":\"\",\"publisher\":{\"@id\":\"https:\\\/\\\/lesbains.aureaevent.com\\\/#organization\"},\"potentialAction\":[{\"@type\":\"SearchAction\",\"target\":{\"@type\":\"EntryPoint\",\"urlTemplate\":\"https:\\\/\\\/lesbains.aureaevent.com\\\/?s={search_term_string}\"},\"query-input\":{\"@type\":\"PropertyValueSpecification\",\"valueRequired\":true,\"valueName\":\"search_term_string\"}}],\"inLanguage\":\"fr-FR\"},{\"@type\":\"Organization\",\"@id\":\"https:\\\/\\\/lesbains.aureaevent.com\\\/#organization\",\"name\":\"BEACH CLUB LES BAINS\",\"url\":\"https:\\\/\\\/lesbains.aureaevent.com\\\/\",\"logo\":{\"@type\":\"ImageObject\",\"inLanguage\":\"fr-FR\",\"@id\":\"https:\\\/\\\/lesbains.aureaevent.com\\\/#\\\/schema\\\/logo\\\/image\\\/\",\"url\":\"https:\\\/\\\/lesbains.aureaevent.com\\\/wp-content\\\/uploads\\\/2026\\\/05\\\/logo-beach-club-les-bains-3.png\",\"contentUrl\":\"https:\\\/\\\/lesbains.aureaevent.com\\\/wp-content\\\/uploads\\\/2026\\\/05\\\/logo-beach-club-les-bains-3.png\",\"width\":1000,\"height\":1000,\"caption\":\"BEACH CLUB LES BAINS\"},\"image\":{\"@id\":\"https:\\\/\\\/lesbains.aureaevent.com\\\/#\\\/schema\\\/logo\\\/image\\\/\"},\"sameAs\":[\"https:\\\/\\\/www.facebook.com\\\/lesbainsdusemaphore\\\/?locale=fr_FR\"]}]}<\/script>\n<!-- \/ Yoast SEO plugin. -->","yoast_head_json":{"title":"BEACH CLUB LES BAINS - BEACH CLUB LES BAINS","robots":{"index":"index","follow":"follow","max-snippet":"max-snippet:-1","max-image-preview":"max-image-preview:large","max-video-preview":"max-video-preview:-1"},"canonical":"https:\/\/lesbains.aureaevent.com\/","og_locale":"fr_FR","og_type":"article","og_title":"BEACH CLUB LES BAINS - BEACH CLUB LES BAINS","og_description":"NOUS SOMMES OUVERT LE MERCREDI 13 A PARTIR DE 16H30, LE JEUDI NOUS SOMMES FERMES, LE VENDREDI, SAMEDI TOUTE LA JOURNEE ET LE DIMANCHE JUSQU&rsquo;A 16h POUR RESERVER CLIQUER ICI Face \u00e0 l\u2019oc\u00e9an, le Beach Club Les Bains est le spot o\u00f9 l\u2019on vient l\u00e2cher prise. Vue imprenable, air marin et ambiance chaleureuse : ici, [&hellip;]","og_url":"https:\/\/lesbains.aureaevent.com\/","og_site_name":"BEACH CLUB LES BAINS","article_publisher":"https:\/\/www.facebook.com\/lesbainsdusemaphore\/?locale=fr_FR","article_modified_time":"2026-05-14T04:48:44+00:00","og_image":[{"width":2048,"height":1536,"url":"https:\/\/lesbains.aureaevent.com\/wp-content\/uploads\/2026\/05\/WhatsApp-Image-2026-05-07-at-10.51.11-3.jpeg","type":"image\/jpeg"}],"twitter_card":"summary_large_image","twitter_misc":{"Dur\u00e9e de lecture estim\u00e9e":"4 minutes"},"schema":{"@context":"https:\/\/schema.org","@graph":[{"@type":"WebPage","@id":"https:\/\/lesbains.aureaevent.com\/","url":"https:\/\/lesbains.aureaevent.com\/","name":"BEACH CLUB LES BAINS - BEACH CLUB LES BAINS","isPartOf":{"@id":"https:\/\/lesbains.aureaevent.com\/#website"},"primaryImageOfPage":{"@id":"https:\/\/lesbains.aureaevent.com\/#primaryimage"},"image":{"@id":"https:\/\/lesbains.aureaevent.com\/#primaryimage"},"thumbnailUrl":"https:\/\/lesbains.aureaevent.com\/wp-content\/uploads\/2026\/05\/WhatsApp-Image-2026-05-07-at-10.51.11-3-1024x768.jpeg","datePublished":"2026-03-08T17:33:18+00:00","dateModified":"2026-05-14T04:48:44+00:00","breadcrumb":{"@id":"https:\/\/lesbains.aureaevent.com\/#breadcrumb"},"inLanguage":"fr-FR","potentialAction":[{"@type":"ReadAction","target":["https:\/\/lesbains.aureaevent.com\/"]}]},{"@type":"ImageObject","inLanguage":"fr-FR","@id":"https:\/\/lesbains.aureaevent.com\/#primaryimage","url":"https:\/\/lesbains.aureaevent.com\/wp-content\/uploads\/2026\/05\/WhatsApp-Image-2026-05-07-at-10.51.11-3.jpeg","contentUrl":"https:\/\/lesbains.aureaevent.com\/wp-content\/uploads\/2026\/05\/WhatsApp-Image-2026-05-07-at-10.51.11-3.jpeg","width":2048,"height":1536},{"@type":"BreadcrumbList","@id":"https:\/\/lesbains.aureaevent.com\/#breadcrumb","itemListElement":[{"@type":"ListItem","position":1,"name":"Accueil","item":"https:\/\/lesbains.aureaevent.com\/"},{"@type":"ListItem","position":2,"name":"BEACH CLUB LES BAINS"}]},{"@type":"WebSite","@id":"https:\/\/lesbains.aureaevent.com\/#website","url":"https:\/\/lesbains.aureaevent.com\/","name":"BEACH CLUB LES BAINS","description":"","publisher":{"@id":"https:\/\/lesbains.aureaevent.com\/#organization"},"potentialAction":[{"@type":"SearchAction","target":{"@type":"EntryPoint","urlTemplate":"https:\/\/lesbains.aureaevent.com\/?s={search_term_string}"},"query-input":{"@type":"PropertyValueSpecification","valueRequired":true,"valueName":"search_term_string"}}],"inLanguage":"fr-FR"},{"@type":"Organization","@id":"https:\/\/lesbains.aureaevent.com\/#organization","name":"BEACH CLUB LES BAINS","url":"https:\/\/lesbains.aureaevent.com\/","logo":{"@type":"ImageObject","inLanguage":"fr-FR","@id":"https:\/\/lesbains.aureaevent.com\/#\/schema\/logo\/image\/","url":"https:\/\/lesbains.aureaevent.com\/wp-content\/uploads\/2026\/05\/logo-beach-club-les-bains-3.png","contentUrl":"https:\/\/lesbains.aureaevent.com\/wp-content\/uploads\/2026\/05\/logo-beach-club-les-bains-3.png","width":1000,"height":1000,"caption":"BEACH CLUB LES BAINS"},"image":{"@id":"https:\/\/lesbains.aureaevent.com\/#\/schema\/logo\/image\/"},"sameAs":["https:\/\/www.facebook.com\/lesbainsdusemaphore\/?locale=fr_FR"]}]}},"_links":{"self":[{"href":"https:\/\/lesbains.aureaevent.com\/index.php\/wp-json\/wp\/v2\/pages\/2","targetHints":{"allow":["GET"]}}],"collection":[{"href":"https:\/\/lesbains.aureaevent.com\/index.php\/wp-json\/wp\/v2\/pages"}],"about":[{"href":"https:\/\/lesbains.aureaevent.com\/index.php\/wp-json\/wp\/v2\/types\/page"}],"author":[{"embeddable":true,"href":"https:\/\/lesbains.aureaevent.com\/index.php\/wp-json\/wp\/v2\/users\/1"}],"replies":[{"embeddable":true,"href":"https:\/\/lesbains.aureaevent.com\/index.php\/wp-json\/wp\/v2\/comments?post=2"}],"version-history":[{"count":14,"href":"https:\/\/lesbains.aureaevent.com\/index.php\/wp-json\/wp\/v2\/pages\/2\/revisions"}],"predecessor-version":[{"id":70,"href":"https:\/\/lesbains.aureaevent.com\/index.php\/wp-json\/wp\/v2\/pages\/2\/revisions\/70"}],"wp:attachment":[{"href":"https:\/\/lesbains.aureaevent.com\/index.php\/wp-json\/wp\/v2\/media?parent=2"}],"curies":[{"name":"wp","href":"https:\/\/api.w.org\/{rel}","templated":true}]}}